{"id":293,"date":"2024-11-29T07:26:18","date_gmt":"2024-11-29T10:26:18","guid":{"rendered":"https:\/\/www.famagas.com.br\/?page_id=293"},"modified":"2024-11-29T07:43:08","modified_gmt":"2024-11-29T10:43:08","slug":"empresa","status":"publish","type":"page","link":"https:\/\/www.famagas.com.br\/?page_id=293","title":{"rendered":"Empresa"},"content":{"rendered":"<p><img decoding=\"async\" class=\"alignleft\" src=\"http:\/\/127.0.0.1:5500\/front-end\/assets\/images\/img-470x617.png\" alt=\"\" \/><\/p>\n<h2><strong>Nossa <span style=\"color: #085caa;\">Hist\u00f3ria<\/span><\/strong><\/h2>\n<p>H\u00e1 40 anos, em Itapevi-SP, nasceu a Famag\u00e1s, uma empresa que surgiu da necessidade de levar uma solu\u00e7\u00e3o confi\u00e1vel e eficiente para o fornecimento de g\u00e1s GLP \u00e0s fam\u00edlias e com\u00e9rcios da regi\u00e3o. A demanda crescente e o desejo de proporcionar um servi\u00e7o de qualidade impulsionaram nossa jornada.<\/p>\n<p>O come\u00e7o foi modesto, atendendo Itapevi e cidades vizinhas. Com muito esfor\u00e7o, dedica\u00e7\u00e3o e foco no cliente, nossa empresa foi conquistando a confian\u00e7a da comunidade. O compromisso de oferecer g\u00e1s de cozinha com rapidez, seguran\u00e7a e um atendimento diferenciado fez com que a Famag\u00e1s expandisse suas opera\u00e7\u00f5es para o litoral e interior do estado de S\u00e3o Paulo, sempre mantendo os mesmos valores que nos constitu\u00edram.<\/p>\n<p>Ao longo dessas quatro d\u00e9cadas, evolu\u00edmos e crescemos, mas sem perder nossas ra\u00edzes. Hoje, contamos com aproximadamente 200 colaboradores comprometidos, que compartilham do mesmo prop\u00f3sito: garantir que cada cliente tenha a melhor experi\u00eancia poss\u00edvel, desde o atendimento at\u00e9 a entrega.<\/p>\n<p>A Famag\u00e1s se orgulha de sua trajet\u00f3ria de crescimento, marcada por desafios, conquistas e, acima de tudo, pela confian\u00e7a e parceria de nossos clientes. Seguimos firmes em nossa miss\u00e3o de continuar levando energia para mais lares e neg\u00f3cios, com o compromisso de sempre oferecer o melhor.<\/p>\n<p>Famag\u00e1s &#8211; Prazer em Atender!<\/p>\n","protected":false},"excerpt":{"rendered":"<p>Nossa Hist\u00f3ria H\u00e1 40 anos, em Itapevi-SP, nasceu a Famag\u00e1s, uma empresa que surgiu da necessidade de levar uma solu\u00e7\u00e3o confi\u00e1vel e eficiente para o fornecimento de g\u00e1s GLP \u00e0s fam\u00edlias e com\u00e9rcios da regi\u00e3o. A demanda crescente e o desejo de proporcionar um servi\u00e7o de qualidade impulsionaram nossa jornada. O come\u00e7o foi modesto, atendendo [&hellip;]<\/p>\n","protected":false},"author":1,"featured_media":0,"parent":0,"menu_order":0,"comment_status":"closed","ping_status":"closed","template":"","meta":{"_acf_changed":false,"footnotes":""},"class_list":["post-293","page","type-page","status-publish","hentry"],"acf":[],"_links":{"self":[{"href":"https:\/\/www.famagas.com.br\/index.php?rest_route=\/wp\/v2\/pages\/293","targetHints":{"allow":["GET"]}}],"collection":[{"href":"https:\/\/www.famagas.com.br\/index.php?rest_route=\/wp\/v2\/pages"}],"about":[{"href":"https:\/\/www.famagas.com.br\/index.php?rest_route=\/wp\/v2\/types\/page"}],"author":[{"embeddable":true,"href":"https:\/\/www.famagas.com.br\/index.php?rest_route=\/wp\/v2\/users\/1"}],"replies":[{"embeddable":true,"href":"https:\/\/www.famagas.com.br\/index.php?rest_route=%2Fwp%2Fv2%2Fcomments&post=293"}],"version-history":[{"count":3,"href":"https:\/\/www.famagas.com.br\/index.php?rest_route=\/wp\/v2\/pages\/293\/revisions"}],"predecessor-version":[{"id":323,"href":"https:\/\/www.famagas.com.br\/index.php?rest_route=\/wp\/v2\/pages\/293\/revisions\/323"}],"wp:attachment":[{"href":"https:\/\/www.famagas.com.br\/index.php?rest_route=%2Fwp%2Fv2%2Fmedia&parent=293"}],"curies":[{"name":"wp","href":"https:\/\/api.w.org\/{rel}","templated":true}]}}